{"id":1132,"date":"2024-06-18T06:59:41","date_gmt":"2024-06-18T06:59:41","guid":{"rendered":"https:\/\/roxzox.com\/wordpress\/?page_id=1132"},"modified":"2024-07-16T11:17:14","modified_gmt":"2024-07-16T11:17:14","slug":"impressum","status":"publish","type":"page","link":"https:\/\/roxzox.com\/wordpress\/impressum\/","title":{"rendered":"Impressum"},"content":{"rendered":"<p>[et_pb_section fb_built=&#8221;1&#8243; _builder_version=&#8221;4.25.2&#8243; _module_preset=&#8221;default&#8221; background_enable_color=&#8221;off&#8221; background_enable_image=&#8221;off&#8221; global_colors_info=&#8221;{}&#8221;][et_pb_row _builder_version=&#8221;4.25.2&#8243; _module_preset=&#8221;default&#8221; global_colors_info=&#8221;{}&#8221;][et_pb_column type=&#8221;4_4&#8243; _builder_version=&#8221;4.25.2&#8243; _module_preset=&#8221;default&#8221; global_colors_info=&#8221;{}&#8221;][et_pb_heading title=&#8221;roxzox &#8211; about us&#8230;&#8221; _builder_version=&#8221;4.25.2&#8243; _module_preset=&#8221;default&#8221; custom_padding=&#8221;28px|||||&#8221; global_colors_info=&#8221;{}&#8221;][\/et_pb_heading][\/et_pb_column][\/et_pb_row][et_pb_row _builder_version=&#8221;4.25.2&#8243; _module_preset=&#8221;default&#8221; background_color=&#8221;#FFFFFF&#8221; global_colors_info=&#8221;{}&#8221;][et_pb_column type=&#8221;4_4&#8243; _builder_version=&#8221;4.25.2&#8243; _module_preset=&#8221;default&#8221; global_colors_info=&#8221;{}&#8221;][et_pb_text _builder_version=&#8221;4.25.2&#8243; _module_preset=&#8221;default&#8221; global_colors_info=&#8221;{}&#8221;]<\/p>\n<p><strong>Firma \/ Company<br \/><\/strong>roxzox digital consulting e.U.<br \/>Digitale Management Consulting im Bereich &#8211; Produkt-, Program-, Engineering und Innovationsmanagement<br \/>FN 621081 f<br \/>Internet:\u00a0<a href=\"https:\/\/roxzox.com\"> https:\/\/roxzox.com<\/a><\/p>\n<p><strong><\/strong><\/p>\n<p><strong>Eigent\u00fcmer \/ Owner<\/strong><br \/>Dipl.-Ing Franz Josef Dorfer<br \/>Fruhmannweg 30<br \/>8042 Graz<\/p>\n<p><strong>Kontakt \/ Contact<\/strong><br \/>Tel.: +43 677 61 7272 91<br \/>E-Mail: contact@roxzox.com<\/p>\n<p><strong>Bankverbindung \/ Bank Details<br \/><\/strong><span style=\"font-size: 14px;\">IBAN:DE79 1001 1001 2262 8589 15<br \/><\/span><span style=\"font-size: 14px;\">BIC:NTSBDEB1XXX<\/span><\/p>\n<div class=\"jit7bv0\"><\/div>\n<div class=\"jit7bv0\"><\/div>\n<div class=\"jit7bv0\"><\/div>\n<p><strong><\/strong><\/p>\n<p><strong>Rechtliche Hinweise zur Internetseite<br \/><\/strong>Alle Texte, Bilder und weitere hier ver\u00f6ffentlichte Informationen unterliegen dem Urheberrecht des Anbieters, soweit nicht Urheberrechte Dritter bestehen. In jedem Fall ist eine Vervielf\u00e4ltigung, Verbreitung oder \u00f6ffentliche Wiedergabe ausschlie\u00dflich im Falle einer widerruflichen und nicht \u00fcbertragbaren Zustimmung des Anbieters gestattet.<\/p>\n<p><strong>Legal information on the website<\/strong><br \/>All texts, images and other information published here are subject to the copyright of the provider, unless copyrights of third parties exist. In any case, duplication, distribution or public reproduction is only permitted with the revocable and non-transferable consent of the provider.<\/p>\n<p><span style=\"background-color: #ffffff; font-size: 14px; font-weight: bold;\">Schutzrechte<br \/><\/span><span style=\"font-size: 14px; background-color: #ffffff;\">Wenn nicht anders angegeben, werden die Bilder von\u00a0<\/span><a href=\"http:\/\/www.unsplash.com\/\" style=\"font-size: 14px; background-color: #ffffff;\">www.unsplash.com\u00a0<\/a><span style=\"font-size: 14px; background-color: #ffffff;\">verwendet und unterliegen deren Lizenzvereinbarung, die unter\u00a0<\/span><a href=\"http:\/\/www.unsplash.com\/de\/lizenz\" style=\"font-size: 14px; background-color: #ffffff;\">www.unsplash.com\/de\/lizenz<\/a><span style=\"font-size: 14px; background-color: #ffffff;\">\u00a0 zu finden ist. Wenn nicht anders angegeben, werden Icons von\u00a0<\/span><a href=\"http:\/\/www.uxwing.com\/\" style=\"font-size: 14px; background-color: #ffffff;\">www.uxwing.com<\/a><span style=\"font-size: 14px; background-color: #ffffff;\">\u00a0verwendet und unterliegen deren Lizenzvereinbarung, die unter\u00a0<\/span><a href=\"http:\/\/www.uxwing.com\/license\/\" style=\"font-size: 14px; background-color: #ffffff;\">www.uxwing.com\/license\/\u00a0<\/a><span style=\"font-size: 14px; background-color: #ffffff;\">zu finden ist. Die in den download produckten verwendete Schriftart ist &#8220;Open Sans&#8221;, urheberrechtlich gesch\u00fctzt \u00a9 2010-2011 von Google Corporation.\u00a0<\/span><span style=\"font-size: 14px; background-color: #ffffff;\">Alle roxzoz Marken, Dienstleistungsmarken und Logos sind Eigentum von roxzox e.U. Durch den Zugriff oder die Nutzung unserer Dienstleistungen oder unserer Inhalte erwerben Sie keine Lizenzen oder Eigentumsrechte an Marken oder Dienstleistungen. roxzox e.U. erlaubt Ihnen das Herunterladen und die Nutzung von Inhalten, die urheberrechtlich gesch\u00fctzt sind oder durch das Urheberrecht gesch\u00fctzt werden k\u00f6nnen, roxzox gew\u00e4hrt Ihnen eine begrenzte, pers\u00f6nliche, nicht \u00fcbertragbare, nicht unterlizenzierbare und widerrufbare Lizenz f\u00fcr den Zugriff und die Nutzung der Inhalte nur so lange, wie roxzox diese Inhalte den Kunden zur Verf\u00fcgung stellt.<\/span><\/p>\n<p><strong>Copyright<\/strong><br \/>Unless otherwise stated, the images are used by <a href=\"http:\/\/www.unsplash.com\">www.unsplash.com<\/a> and are subject to their license agreement, which can be found at <a href=\"http:\/\/www.unsplash.com\/de\/lizenz\">www.unsplash.com\/de\/lizenz.<\/a> Unless otherwise stated, icons are used by <a href=\"http:\/\/www.uxwing.com\">www.uxwing.com<\/a> and are subject to their license agreement, which can be found at <a href=\"http:\/\/www.uxwing.com\/license\/\">www.uxwing.com\/license\/.<\/a> The font used in the download products is &#8220;Open Sans&#8221;, copyright \u00a9 2010-2011 by Google Corporation. All roxzoz trademarks, service marks and logos are the property of roxzox e.U. By accessing or using our services or our content, you do not acquire any licenses or ownership rights to any trademarks or services. roxzox e.U. allows you to download and use content that is copyrighted or may be protected by copyright law, roxzox grants you a limited, personal, non-transferable, non-sublicensable and revocable license to access and use the content only for as long as roxzox makes such content available to customers.<span style=\"font-size: 14px;\"><\/span><\/p>\n<p><span style=\"font-size: 14px;\"><\/span><\/p>\n<div id=\"footer-callout-wrap\" class=\"clr\"><\/div>\n<p>[\/et_pb_text][\/et_pb_column][\/et_pb_row][\/et_pb_section]<\/p>\n","protected":false},"excerpt":{"rendered":"<p>Firma \/ Companyroxzox digital consulting e.U.Digitale Management Consulting im Bereich &#8211; Produkt-, Program-, Engineering und InnovationsmanagementFN 621081 fInternet:\u00a0 https:\/\/roxzox.com Eigent\u00fcmer \/ OwnerDipl.-Ing Franz Josef DorferFruhmannweg 308042 Graz Kontakt \/ ContactTel.: +43 677 61 7272 91E-Mail: contact@roxzox.com Bankverbindung \/ Bank DetailsIBAN:DE79 1001 1001 2262 8589 15BIC:NTSBDEB1XXX Rechtliche Hinweise zur InternetseiteAlle Texte, Bilder und weitere hier ver\u00f6ffentlichte [&hellip;]<\/p>\n","protected":false},"author":1,"featured_media":0,"parent":0,"menu_order":0,"comment_status":"closed","ping_status":"closed","template":"","meta":{"_acf_changed":false,"_et_pb_use_builder":"on","_et_pb_old_content":"","_et_gb_content_width":"","footnotes":""},"class_list":["post-1132","page","type-page","status-publish","hentry"],"acf":[],"_links":{"self":[{"href":"https:\/\/roxzox.com\/wordpress\/wp-json\/wp\/v2\/pages\/1132","targetHints":{"allow":["GET"]}}],"collection":[{"href":"https:\/\/roxzox.com\/wordpress\/wp-json\/wp\/v2\/pages"}],"about":[{"href":"https:\/\/roxzox.com\/wordpress\/wp-json\/wp\/v2\/types\/page"}],"author":[{"embeddable":true,"href":"https:\/\/roxzox.com\/wordpress\/wp-json\/wp\/v2\/users\/1"}],"replies":[{"embeddable":true,"href":"https:\/\/roxzox.com\/wordpress\/wp-json\/wp\/v2\/comments?post=1132"}],"version-history":[{"count":19,"href":"https:\/\/roxzox.com\/wordpress\/wp-json\/wp\/v2\/pages\/1132\/revisions"}],"predecessor-version":[{"id":1186,"href":"https:\/\/roxzox.com\/wordpress\/wp-json\/wp\/v2\/pages\/1132\/revisions\/1186"}],"wp:attachment":[{"href":"https:\/\/roxzox.com\/wordpress\/wp-json\/wp\/v2\/media?parent=1132"}],"curies":[{"name":"wp","href":"https:\/\/api.w.org\/{rel}","templated":true}]}}